{"id":214,"date":"2025-01-22T17:05:58","date_gmt":"2025-01-22T17:05:58","guid":{"rendered":"https:\/\/shop.artnira.com\/einkaufswagen\/"},"modified":"2025-01-25T13:50:34","modified_gmt":"2025-01-25T13:50:34","slug":"einkaufswagen","status":"publish","type":"page","link":"https:\/\/shop.artnira.com\/de\/einkaufswagen\/","title":{"rendered":"Einkaufswagen"},"content":{"rendered":"\n<div data-block-name=\"woocommerce\/cart\" class=\"wp-block-woocommerce-cart alignwide is-loading\">\n<div data-block-name=\"woocommerce\/filled-cart-block\" class=\"wp-block-woocommerce-filled-cart-block\">\n<div data-block-name=\"woocommerce\/cart-items-block\" class=\"wp-block-woocommerce-cart-items-block\">\n<div data-block-name=\"woocommerce\/cart-line-items-block\" class=\"wp-block-woocommerce-cart-line-items-block\"><\/div>\n\n\n\n<div data-block-name=\"woocommerce\/cart-cross-sells-block\" class=\"wp-block-woocommerce-cart-cross-sells-block\">\n<h2 class=\"wp-block-heading has-large-font-size\">Das k\u00f6nnte Sie auch interessieren&#8230;<\/h2>\n\n\n\n<div data-block-name=\"woocommerce\/cart-cross-sells-products-block\" class=\"wp-block-woocommerce-cart-cross-sells-products-block\"><\/div>\n<\/div>\n<\/div>\n\n\n\n<div data-block-name=\"woocommerce\/cart-totals-block\" class=\"wp-block-woocommerce-cart-totals-block\">\n<div data-block-name=\"woocommerce\/cart-order-summary-block\" class=\"wp-block-woocommerce-cart-order-summary-block\">\n<div data-block-name=\"woocommerce\/cart-order-summary-heading-block\" class=\"wp-block-woocommerce-cart-order-summary-heading-block\"><\/div><div data-block-name=\"woocommerce\/cart-order-summary-coupon-form-block\" class=\"wp-block-woocommerce-cart-order-summary-coupon-form-block\"><\/div><div data-block-name=\"woocommerce\/cart-order-summary-totals-block\" class=\"wp-block-woocommerce-cart-order-summary-totals-block\">\n<div data-block-name=\"woocommerce\/cart-order-summary-subtotal-block\" class=\"wp-block-woocommerce-cart-order-summary-subtotal-block\"><\/div>\n<div data-block-name=\"woocommerce\/cart-order-summary-discount-block\" class=\"wp-block-woocommerce-cart-order-summary-discount-block\"><\/div>\n<div data-block-name=\"woocommerce\/cart-order-summary-fee-block\" class=\"wp-block-woocommerce-cart-order-summary-fee-block\"><\/div>\n<div data-block-name=\"woocommerce\/cart-order-summary-shipping-block\" class=\"wp-block-woocommerce-cart-order-summary-shipping-block\"><\/div>\n<div data-block-name=\"woocommerce\/cart-order-summary-taxes-block\" class=\"wp-block-woocommerce-cart-order-summary-taxes-block\"><\/div><\/div>\n<\/div>\n\n\n\n<div data-block-name=\"woocommerce\/cart-express-payment-block\" class=\"wp-block-woocommerce-cart-express-payment-block\"><\/div>\n\n\n\n<div data-block-name=\"woocommerce\/proceed-to-checkout-block\" class=\"wp-block-woocommerce-proceed-to-checkout-block\"><\/div>\n\n\n\n<div data-block-name=\"woocommerce\/cart-accepted-payment-methods-block\" class=\"wp-block-woocommerce-cart-accepted-payment-methods-block\"><\/div>\n<\/div>\n<\/div>\n\n\n\n<div data-block-name=\"woocommerce\/empty-cart-block\" class=\"wp-block-woocommerce-empty-cart-block\">\n<h2 class=\"wp-block-heading has-text-align-center with-empty-cart-icon wc-block-cart__empty-cart__title\">Ihr Warenkorb ist derzeit leer!<\/h2>\n\n\n\n<hr class=\"wp-block-separator has-alpha-channel-opacity is-style-dots\"\/>\n\n\n\n<h2 class=\"wp-block-heading has-text-align-center\">Neu im Sortiment<\/h2>\n\n\n<div data-block-name=\"woocommerce\/product-new\" data-columns=\"4\" data-rows=\"1\" class=\"wc-block-grid wp-block-product-new wp-block-woocommerce-product-new wc-block-product-new has-4-columns\"><ul class=\"wc-block-grid__products\"><li class=\"wc-block-grid__product\"><span class=\"gtm4wp_productdata\" style=\"display:none; visibility:hidden;\" data-gtm4wp_product_data=\"{&quot;internal_id&quot;:257,&quot;item_id&quot;:257,&quot;item_name&quot;:&quot;Zahnb\\u00fcrstenhalter - Versteckt Kabel, mit verdeckter Kabelf\\u00fchrung f\\u00fcr elektrische Zahnb\\u00fcrsten. Docking Station mit Kabelintegration&quot;,&quot;sku&quot;:257,&quot;price&quot;:11.9000000000000003552713678800500929355621337890625,&quot;stocklevel&quot;:null,&quot;stockstatus&quot;:&quot;instock&quot;,&quot;google_business_vertical&quot;:&quot;retail&quot;,&quot;item_category&quot;:&quot;Zahnb\\u00fcrsten-Organizer&quot;,&quot;id&quot;:257,&quot;productlink&quot;:&quot;https:\\\/\\\/shop.artnira.com\\\/de\\\/product\\\/zahnbuerstenhalter-verstecktes-kabel-mit-verdeckter-kabelfuehrung-fuer-elektrische-zahnbuersten-dockingstation-mit-kabelintegration\\\/&quot;,&quot;item_list_name&quot;:&quot;General Product List&quot;,&quot;index&quot;:0,&quot;product_type&quot;:&quot;variable&quot;,&quot;item_brand&quot;:&quot;&quot;}\"><\/span>\n\t\t\t\t<a href=\"https:\/\/shop.artnira.com\/de\/product\/zahnbuerstenhalter-verstecktes-kabel-mit-verdeckter-kabelfuehrung-fuer-elektrische-zahnbuersten-dockingstation-mit-kabelintegration\/\" class=\"wc-block-grid__product-link\">\n\t\t\t\t\t\n\t\t\t\t\t<div class=\"wc-block-grid__product-image\"><img loading=\"lazy\" decoding=\"async\" width=\"300\" height=\"300\" src=\"https:\/\/shop.artnira.com\/wp-content\/uploads\/2025\/01\/HIRO_image-300x300.jpg\" class=\"attachment-woocommerce_thumbnail size-woocommerce_thumbnail\" alt=\"Zahnb\u00fcrstenhalter - Versteckt Kabel, mit verdeckter Kabelf\u00fchrung f\u00fcr elektrische Zahnb\u00fcrsten. Docking Station mit Kabelintegration\" srcset=\"https:\/\/shop.artnira.com\/wp-content\/uploads\/2025\/01\/HIRO_image-300x300.jpg 300w, https:\/\/shop.artnira.com\/wp-content\/uploads\/2025\/01\/HIRO_image-1024x1024.jpg 1024w, https:\/\/shop.artnira.com\/wp-content\/uploads\/2025\/01\/HIRO_image-150x150.jpg 150w, https:\/\/shop.artnira.com\/wp-content\/uploads\/2025\/01\/HIRO_image-768x768.jpg 768w, https:\/\/shop.artnira.com\/wp-content\/uploads\/2025\/01\/HIRO_image-1536x1536.jpg 1536w, https:\/\/shop.artnira.com\/wp-content\/uploads\/2025\/01\/HIRO_image-600x600.jpg 600w, https:\/\/shop.artnira.com\/wp-content\/uploads\/2025\/01\/HIRO_image-100x100.jpg 100w, https:\/\/shop.artnira.com\/wp-content\/uploads\/2025\/01\/HIRO_image.jpg 1600w\" sizes=\"auto, (max-width: 300px) 100vw, 300px\" \/><\/div>\n\t\t\t\t\t<div class=\"wc-block-grid__product-title\">Zahnb\u00fcrstenhalter &#8211; Versteckt Kabel, mit verdeckter Kabelf\u00fchrung f\u00fcr elektrische Zahnb\u00fcrsten. Docking Station mit Kabelintegration<\/div>\n\t\t\t\t<\/a>\n\t\t\t\t<div class=\"wc-block-grid__product-price price\"><span class=\"woocommerce-Price-amount amount\" aria-hidden=\"true\">11,90&nbsp;<span class=\"woocommerce-Price-currencySymbol\">&euro;<\/span><\/span> <span aria-hidden=\"true\"> \u2013 <\/span> <span class=\"woocommerce-Price-amount amount\" aria-hidden=\"true\">29,90&nbsp;<span class=\"woocommerce-Price-currencySymbol\">&euro;<\/span><\/span><span class=\"screen-reader-text\">Preisspanne: 11,90&nbsp;&euro; bis 29,90&nbsp;&euro;<\/span><\/div>\n\t\t\t\t\n\t\t\t\t<div class=\"wp-block-button wc-block-grid__product-add-to-cart\"><a href=\"https:\/\/shop.artnira.com\/de\/product\/zahnbuerstenhalter-verstecktes-kabel-mit-verdeckter-kabelfuehrung-fuer-elektrische-zahnbuersten-dockingstation-mit-kabelintegration\/\" aria-label=\"W\u00e4hle Optionen f\u00fcr \u201eZahnb\u00fcrstenhalter - Versteckt Kabel, mit verdeckter Kabelf\u00fchrung f\u00fcr elektrische Zahnb\u00fcrsten. Docking Station mit Kabelintegration\u201c\" data-quantity=\"1\" data-product_id=\"257\" data-product_sku=\"\" data-price=\"11.9\" rel=\"nofollow\" class=\"wp-block-button__link  add_to_cart_button\">Ausf\u00fchrung w\u00e4hlen<\/a><\/div>\n\t\t\t<\/li><li class=\"wc-block-grid__product\"><span class=\"gtm4wp_productdata\" style=\"display:none; visibility:hidden;\" data-gtm4wp_product_data=\"{&quot;internal_id&quot;:239,&quot;item_id&quot;:239,&quot;item_name&quot;:&quot;Zahnb\\u00fcrstenhalter - Versteckt Kabel, mit verdeckter Kabelf\\u00fchrung f\\u00fcr elektrische Zahnb\\u00fcrsten. Docking Station mit Kabelintegration&quot;,&quot;sku&quot;:239,&quot;price&quot;:12.9000000000000003552713678800500929355621337890625,&quot;stocklevel&quot;:null,&quot;stockstatus&quot;:&quot;instock&quot;,&quot;google_business_vertical&quot;:&quot;retail&quot;,&quot;item_category&quot;:&quot;Zahnb\\u00fcrsten-Organizer&quot;,&quot;id&quot;:239,&quot;productlink&quot;:&quot;https:\\\/\\\/shop.artnira.com\\\/de\\\/product\\\/zahnbuerstenhalter-der-kabel-unsichtbar-verstaut-und-ordnung-schafft\\\/&quot;,&quot;item_list_name&quot;:&quot;General Product List&quot;,&quot;index&quot;:0,&quot;product_type&quot;:&quot;variable&quot;,&quot;item_brand&quot;:&quot;&quot;}\"><\/span>\n\t\t\t\t<a href=\"https:\/\/shop.artnira.com\/de\/product\/zahnbuerstenhalter-der-kabel-unsichtbar-verstaut-und-ordnung-schafft\/\" class=\"wc-block-grid__product-link\">\n\t\t\t\t\t\n\t\t\t\t\t<div class=\"wc-block-grid__product-image\"><img loading=\"lazy\" decoding=\"async\" width=\"300\" height=\"300\" src=\"https:\/\/shop.artnira.com\/wp-content\/uploads\/2025\/01\/Jade-White-0-00-00-00-300x300.jpg\" class=\"attachment-woocommerce_thumbnail size-woocommerce_thumbnail\" alt=\"Zahnb\u00fcrstenhalter - Versteckt Kabel, mit verdeckter Kabelf\u00fchrung f\u00fcr elektrische Zahnb\u00fcrsten. Docking Station mit Kabelintegration\" srcset=\"https:\/\/shop.artnira.com\/wp-content\/uploads\/2025\/01\/Jade-White-0-00-00-00-300x300.jpg 300w, https:\/\/shop.artnira.com\/wp-content\/uploads\/2025\/01\/Jade-White-0-00-00-00-1024x1024.jpg 1024w, https:\/\/shop.artnira.com\/wp-content\/uploads\/2025\/01\/Jade-White-0-00-00-00-150x150.jpg 150w, https:\/\/shop.artnira.com\/wp-content\/uploads\/2025\/01\/Jade-White-0-00-00-00-768x768.jpg 768w, https:\/\/shop.artnira.com\/wp-content\/uploads\/2025\/01\/Jade-White-0-00-00-00-600x600.jpg 600w, https:\/\/shop.artnira.com\/wp-content\/uploads\/2025\/01\/Jade-White-0-00-00-00-100x100.jpg 100w, https:\/\/shop.artnira.com\/wp-content\/uploads\/2025\/01\/Jade-White-0-00-00-00.jpg 1500w\" sizes=\"auto, (max-width: 300px) 100vw, 300px\" \/><\/div>\n\t\t\t\t\t<div class=\"wc-block-grid__product-title\">Zahnb\u00fcrstenhalter &#8211; Versteckt Kabel, mit verdeckter Kabelf\u00fchrung f\u00fcr elektrische Zahnb\u00fcrsten. Docking Station mit Kabelintegration<\/div>\n\t\t\t\t<\/a>\n\t\t\t\t<div class=\"wc-block-grid__product-price price\"><span class=\"woocommerce-Price-amount amount\" aria-hidden=\"true\">12,90&nbsp;<span class=\"woocommerce-Price-currencySymbol\">&euro;<\/span><\/span> <span aria-hidden=\"true\"> \u2013 <\/span> <span class=\"woocommerce-Price-amount amount\" aria-hidden=\"true\">31,90&nbsp;<span class=\"woocommerce-Price-currencySymbol\">&euro;<\/span><\/span><span class=\"screen-reader-text\">Preisspanne: 12,90&nbsp;&euro; bis 31,90&nbsp;&euro;<\/span><\/div>\n\t\t\t\t\n\t\t\t\t<div class=\"wp-block-button wc-block-grid__product-add-to-cart\"><a href=\"https:\/\/shop.artnira.com\/de\/product\/zahnbuerstenhalter-der-kabel-unsichtbar-verstaut-und-ordnung-schafft\/\" aria-label=\"W\u00e4hle Optionen f\u00fcr \u201eZahnb\u00fcrstenhalter - Versteckt Kabel, mit verdeckter Kabelf\u00fchrung f\u00fcr elektrische Zahnb\u00fcrsten. Docking Station mit Kabelintegration\u201c\" data-quantity=\"1\" data-product_id=\"239\" data-product_sku=\"\" data-price=\"12.9\" rel=\"nofollow\" class=\"wp-block-button__link  add_to_cart_button\">Ausf\u00fchrung w\u00e4hlen<\/a><\/div>\n\t\t\t<\/li><li class=\"wc-block-grid__product\"><span class=\"gtm4wp_productdata\" style=\"display:none; visibility:hidden;\" data-gtm4wp_product_data=\"{&quot;internal_id&quot;:253,&quot;item_id&quot;:253,&quot;item_name&quot;:&quot;Zahnb\\u00fcrstenhalter und Kabelorganizer in einem - versteckt Kabel, Ladestation. Stilvolle Aufbewahrung f\\u00fcr elektrische Zahnb\\u00fcrsten&quot;,&quot;sku&quot;:253,&quot;price&quot;:15.9000000000000003552713678800500929355621337890625,&quot;stocklevel&quot;:12,&quot;stockstatus&quot;:&quot;instock&quot;,&quot;google_business_vertical&quot;:&quot;retail&quot;,&quot;item_category&quot;:&quot;Zahnb\\u00fcrsten-Organizer&quot;,&quot;id&quot;:253,&quot;productlink&quot;:&quot;https:\\\/\\\/shop.artnira.com\\\/de\\\/product\\\/zahnbuerstenhalter-und-kabelorganizer-in-einem-versteckt-kabel-ladestation-stilvolle-aufbewahrung-fuer-elektrische-zahnbuersten\\\/&quot;,&quot;item_list_name&quot;:&quot;General Product List&quot;,&quot;index&quot;:0,&quot;product_type&quot;:&quot;variable&quot;,&quot;item_brand&quot;:&quot;&quot;}\"><\/span>\n\t\t\t\t<a href=\"https:\/\/shop.artnira.com\/de\/product\/zahnbuerstenhalter-und-kabelorganizer-in-einem-versteckt-kabel-ladestation-stilvolle-aufbewahrung-fuer-elektrische-zahnbuersten\/\" class=\"wc-block-grid__product-link\">\n\t\t\t\t\t\n\t\t\t\t\t<div class=\"wc-block-grid__product-image\"><img loading=\"lazy\" decoding=\"async\" width=\"300\" height=\"300\" src=\"https:\/\/shop.artnira.com\/wp-content\/uploads\/2025\/01\/Vase_01_2-300x300.jpg\" class=\"attachment-woocommerce_thumbnail size-woocommerce_thumbnail\" alt=\"Zahnb\u00fcrstenhalter und Kabelorganizer in einem - versteckt Kabel, Ladestation. Stilvolle Aufbewahrung f\u00fcr elektrische Zahnb\u00fcrsten\" srcset=\"https:\/\/shop.artnira.com\/wp-content\/uploads\/2025\/01\/Vase_01_2-300x300.jpg 300w, https:\/\/shop.artnira.com\/wp-content\/uploads\/2025\/01\/Vase_01_2-1024x1024.jpg 1024w, https:\/\/shop.artnira.com\/wp-content\/uploads\/2025\/01\/Vase_01_2-150x150.jpg 150w, https:\/\/shop.artnira.com\/wp-content\/uploads\/2025\/01\/Vase_01_2-768x768.jpg 768w, https:\/\/shop.artnira.com\/wp-content\/uploads\/2025\/01\/Vase_01_2-1536x1536.jpg 1536w, https:\/\/shop.artnira.com\/wp-content\/uploads\/2025\/01\/Vase_01_2-600x600.jpg 600w, https:\/\/shop.artnira.com\/wp-content\/uploads\/2025\/01\/Vase_01_2-100x100.jpg 100w, https:\/\/shop.artnira.com\/wp-content\/uploads\/2025\/01\/Vase_01_2.jpg 1920w\" sizes=\"auto, (max-width: 300px) 100vw, 300px\" \/><\/div>\n\t\t\t\t\t<div class=\"wc-block-grid__product-title\">Zahnb\u00fcrstenhalter und Kabelorganizer in einem &#8211; versteckt Kabel, Ladestation. Stilvolle Aufbewahrung f\u00fcr elektrische Zahnb\u00fcrsten<\/div>\n\t\t\t\t<\/a>\n\t\t\t\t<div class=\"wc-block-grid__product-price price\"><span class=\"woocommerce-Price-amount amount\" aria-hidden=\"true\">15,90&nbsp;<span class=\"woocommerce-Price-currencySymbol\">&euro;<\/span><\/span> <span aria-hidden=\"true\"> \u2013 <\/span> <span class=\"woocommerce-Price-amount amount\" aria-hidden=\"true\">17,90&nbsp;<span class=\"woocommerce-Price-currencySymbol\">&euro;<\/span><\/span><span class=\"screen-reader-text\">Preisspanne: 15,90&nbsp;&euro; bis 17,90&nbsp;&euro;<\/span><\/div>\n\t\t\t\t\n\t\t\t\t<div class=\"wp-block-button wc-block-grid__product-add-to-cart\"><a href=\"https:\/\/shop.artnira.com\/de\/product\/zahnbuerstenhalter-und-kabelorganizer-in-einem-versteckt-kabel-ladestation-stilvolle-aufbewahrung-fuer-elektrische-zahnbuersten\/\" aria-label=\"W\u00e4hle Optionen f\u00fcr \u201eZahnb\u00fcrstenhalter und Kabelorganizer in einem - versteckt Kabel, Ladestation. Stilvolle Aufbewahrung f\u00fcr elektrische Zahnb\u00fcrsten\u201c\" data-quantity=\"1\" data-product_id=\"253\" data-product_sku=\"\" data-price=\"15.9\" rel=\"nofollow\" class=\"wp-block-button__link  add_to_cart_button\">Ausf\u00fchrung w\u00e4hlen<\/a><\/div>\n\t\t\t<\/li><\/ul><\/div><\/div>\n<\/div>\n","protected":false},"excerpt":{"rendered":"","protected":false},"author":1,"featured_media":0,"parent":0,"menu_order":0,"comment_status":"closed","ping_status":"closed","template":"","meta":{"site-sidebar-layout":"default","site-content-layout":"","ast-site-content-layout":"","site-content-style":"default","site-sidebar-style":"default","ast-global-header-display":"","ast-banner-title-visibility":"","ast-main-header-display":"","ast-hfb-above-header-display":"","ast-hfb-below-header-display":"","ast-hfb-mobile-header-display":"","site-post-title":"","ast-breadcrumbs-content":"","ast-featured-img":"","footer-sml-layout":"","theme-transparent-header-meta":"","adv-header-id-meta":"","stick-header-meta":"","header-above-stick-meta":"","header-main-stick-meta":"","header-below-stick-meta":"","astra-migrate-meta-layouts":"default","ast-page-background-enabled":"default","ast-page-background-meta":{"desktop":{"background-color":"var(--ast-global-color-5)","background-image":"","background-repeat":"repeat","background-position":"center center","background-size":"auto","background-attachment":"scroll","background-type":"","background-media":"","overlay-type":"","overlay-color":"","overlay-opacity":"","overlay-gradient":""},"tablet":{"background-color":"","background-image":"","background-repeat":"repeat","background-position":"center center","background-size":"auto","background-attachment":"scroll","background-type":"","background-media":"","overlay-type":"","overlay-color":"","overlay-opacity":"","overlay-gradient":""},"mobile":{"background-color":"","background-image":"","background-repeat":"repeat","background-position":"center center","background-size":"auto","background-attachment":"scroll","background-type":"","background-media":"","overlay-type":"","overlay-color":"","overlay-opacity":"","overlay-gradient":""}},"ast-content-background-meta":{"desktop":{"background-color":"var(--ast-global-color-4)","background-image":"","background-repeat":"repeat","background-position":"center center","background-size":"auto","background-attachment":"scroll","background-type":"","background-media":"","overlay-type":"","overlay-color":"","overlay-opacity":"","overlay-gradient":""},"tablet":{"background-color":"var(--ast-global-color-4)","background-image":"","background-repeat":"repeat","background-position":"center center","background-size":"auto","background-attachment":"scroll","background-type":"","background-media":"","overlay-type":"","overlay-color":"","overlay-opacity":"","overlay-gradient":""},"mobile":{"background-color":"var(--ast-global-color-4)","background-image":"","background-repeat":"repeat","background-position":"center center","background-size":"auto","background-attachment":"scroll","background-type":"","background-media":"","overlay-type":"","overlay-color":"","overlay-opacity":"","overlay-gradient":""}},"footnotes":""},"class_list":["post-214","page","type-page","status-publish","hentry"],"jetpack_sharing_enabled":true,"_links":{"self":[{"href":"https:\/\/shop.artnira.com\/de\/wp-json\/wp\/v2\/pages\/214","targetHints":{"allow":["GET"]}}],"collection":[{"href":"https:\/\/shop.artnira.com\/de\/wp-json\/wp\/v2\/pages"}],"about":[{"href":"https:\/\/shop.artnira.com\/de\/wp-json\/wp\/v2\/types\/page"}],"author":[{"embeddable":true,"href":"https:\/\/shop.artnira.com\/de\/wp-json\/wp\/v2\/users\/1"}],"replies":[{"embeddable":true,"href":"https:\/\/shop.artnira.com\/de\/wp-json\/wp\/v2\/comments?post=214"}],"version-history":[{"count":0,"href":"https:\/\/shop.artnira.com\/de\/wp-json\/wp\/v2\/pages\/214\/revisions"}],"wp:attachment":[{"href":"https:\/\/shop.artnira.com\/de\/wp-json\/wp\/v2\/media?parent=214"}],"curies":[{"name":"wp","href":"https:\/\/api.w.org\/{rel}","templated":true}]}}