{"id":602,"date":"2025-01-27T20:09:19","date_gmt":"2025-01-27T20:09:19","guid":{"rendered":"https:\/\/shop.artnira.com\/terms-and-conditions\/"},"modified":"2025-02-12T20:47:55","modified_gmt":"2025-02-12T20:47:55","slug":"terms-and-conditions","status":"publish","type":"page","link":"https:\/\/shop.artnira.com\/de\/terms-and-conditions\/","title":{"rendered":"AGB"},"content":{"rendered":"\n<figure class=\"wp-block-image size-full is-resized\"><img loading=\"lazy\" decoding=\"async\" width=\"716\" height=\"446\" src=\"https:\/\/shop.artnira.com\/wp-content\/uploads\/2025\/02\/Bildschirmfoto-2025-02-12-um-21.14.38-1.png\" alt=\"\" class=\"wp-image-665\" style=\"width:360px\" srcset=\"https:\/\/shop.artnira.com\/wp-content\/uploads\/2025\/02\/Bildschirmfoto-2025-02-12-um-21.14.38-1.png 716w, https:\/\/shop.artnira.com\/wp-content\/uploads\/2025\/02\/Bildschirmfoto-2025-02-12-um-21.14.38-1-300x187.png 300w, https:\/\/shop.artnira.com\/wp-content\/uploads\/2025\/02\/Bildschirmfoto-2025-02-12-um-21.14.38-1-600x374.png 600w\" sizes=\"auto, (max-width: 716px) 100vw, 716px\" \/><\/figure>\n\n\n\n<h2 class=\"wp-block-heading\">1. Geltungsbereich<\/h2>\n\n\n\n<p>1.1 Diese Allgemeinen Gesch\u00e4ftsbedingungen (AGB) gelten f\u00fcr alle Bestellungen von Verbraucher<em>innen im Online-Shop von artnira (nachfolgend \u201ewir\u201c oder \u201eAnbieter\u201c). 1.2 Verbraucher<\/em>in im Sinne des \u00a7 13 BGB ist jede nat\u00fcrliche Person, die ein Rechtsgesch\u00e4ft zu Zwecken abschlie\u00dft, die \u00fcberwiegend weder ihrer gewerblichen noch ihrer selbst\u00e4ndigen beruflichen T\u00e4tigkeit zugerechnet werden k\u00f6nnen.<br>1.3 Abweichende Bedingungen der Kund*innen werden nicht anerkannt, es sei denn, wir stimmen ihrer Geltung ausdr\u00fccklich schriftlich zu.<\/p>\n\n\n\n<h2 class=\"wp-block-heading\">2. Vertragspartner und Vertragsschluss<\/h2>\n\n\n\n<p>2.1 Der Vertrag kommt zustande mit:<\/p>\n\n\n\n<figure class=\"wp-block-image size-full is-resized\"><img loading=\"lazy\" decoding=\"async\" width=\"932\" height=\"32\" src=\"https:\/\/shop.artnira.com\/wp-content\/uploads\/2025\/02\/Bildschirmfoto-2025-02-12-um-21.43.39.png\" alt=\"\" class=\"wp-image-679\" style=\"width:463px\" srcset=\"https:\/\/shop.artnira.com\/wp-content\/uploads\/2025\/02\/Bildschirmfoto-2025-02-12-um-21.43.39.png 932w, https:\/\/shop.artnira.com\/wp-content\/uploads\/2025\/02\/Bildschirmfoto-2025-02-12-um-21.43.39-300x10.png 300w, https:\/\/shop.artnira.com\/wp-content\/uploads\/2025\/02\/Bildschirmfoto-2025-02-12-um-21.43.39-768x26.png 768w, https:\/\/shop.artnira.com\/wp-content\/uploads\/2025\/02\/Bildschirmfoto-2025-02-12-um-21.43.39-600x21.png 600w\" sizes=\"auto, (max-width: 932px) 100vw, 932px\" \/><\/figure>\n\n\n\n<p>2.2 Die Darstellung der Produkte in unserem Online-Shop stellt kein rechtlich bindendes Angebot dar, sondern eine Aufforderung an Kund*innen, ein Angebot abzugeben.<br>2.3 Mit Anklicken des Bestellbuttons geben Sie ein verbindliches Angebot zum Abschluss eines Kaufvertrags \u00fcber die im Warenkorb enthaltenen Waren ab.<br>2.4 Unmittelbar nach dem Absenden der Bestellung erhalten Sie eine automatisierte Bestellbest\u00e4tigung. Diese dokumentiert lediglich, dass Ihre Bestellung bei uns eingegangen ist; sie stellt noch keine Annahme Ihres Angebots dar.<br>2.5 Der Vertrag kommt erst durch unsere ausdr\u00fcckliche Annahmeerkl\u00e4rung (z. B. per E-Mail) oder mit dem Versand der Ware zustande.<\/p>\n\n\n\n<h2 class=\"wp-block-heading\">3. Preise und Zahlungsbedingungen<\/h2>\n\n\n\n<p>3.1 S\u00e4mtliche Preise verstehen sich in Euro und beinhalten die gesetzliche Mehrwertsteuer (19 %).<br>3.2 Ggf. anfallende Versandkosten sind nicht im Kaufpreis enthalten und werden im Verlauf des Bestellprozesses gesondert ausgewiesen.<br>3.3 Folgende Zahlungsmethoden stehen zur Verf\u00fcgung:<br>&#8211; Vorkasse (Bank\u00fcberweisung)<br>&#8211; PayPal<br>&#8211; Kreditkarte<br>&#8211; Lastschrift<br>&#8211; Klarna (sofern verf\u00fcgbar)<br>Die Zahlung ist unmittelbar nach Vertragsschluss f\u00e4llig, sofern nichts anderes vereinbart ist.<\/p>\n\n\n\n<h2 class=\"wp-block-heading\">4. Versand und Lieferbedingungen<\/h2>\n\n\n\n<p>4.1 Der Versand erfolgt an die von Ihnen angegebene Lieferadresse.<br>4.2 Die Lieferzeit betr\u00e4gt in der Regel 3\u20135 Werktage (innerhalb Deutschlands), sofern in der Artikelbeschreibung keine andere Lieferzeit angegeben ist. Bei Vorbestellungen kann sich die Lieferzeit um ca. eine Woche verl\u00e4ngern.<br>4.3 Die Versandkosten betragen:<br>&#8211; Deutschland: 4,50 \u20ac<br>&#8211; EU-Ausland (au\u00dfer Spanien und D\u00e4nemark): 12,90 \u20ac<br>&#8211; Spanien und D\u00e4nemark: 14,50 \u20ac<br>&#8211; Schweiz: 18,90 \u20ac<br>&#8211; Andere L\u00e4nder (z. B. Gro\u00dfbritannien, USA, Kanada): Kosten werden beim Bestellvorgang angezeigt oder auf Anfrage mitgeteilt.<br>4.4 Eventuell anfallende Zoll- oder Einfuhrabgaben bei Lieferungen in Nicht-EU-L\u00e4nder sind von den Kund*innen zu tragen.<\/p>\n\n\n\n<h2 class=\"wp-block-heading\">5. Eigentumsvorbehalt<\/h2>\n\n\n\n<p>Bis zur vollst\u00e4ndigen Bezahlung bleibt die Ware unser Eigentum.<\/p>\n\n\n\n<h2 class=\"wp-block-heading\">6. Widerrufsrecht<\/h2>\n\n\n\n<p>6.1 Verbraucher*innen haben ein gesetzliches Widerrufsrecht von 14 Tagen. Die Einzelheiten und erforderlichen Informationen entnehmen Sie bitte unserer [Widerrufsbelehrung] (verlinken oder gesondert bereitstellen).<br>6.2 Machen Sie von Ihrem Widerrufsrecht Gebrauch, tragen Sie die unmittelbaren Kosten der R\u00fccksendung.<br>6.3 Vom Widerrufsrecht ausgeschlossen sind Waren, die speziell f\u00fcr Sie angefertigt wurden, sofern in der Produktbeschreibung deutlich darauf hingewiesen wird.<\/p>\n\n\n\n<h2 class=\"wp-block-heading\">7. Gew\u00e4hrleistung und Haftung<\/h2>\n\n\n\n<p>7.1 Es gelten die gesetzlichen Gew\u00e4hrleistungsrechte.<br>7.2 Wir haften unbeschr\u00e4nkt f\u00fcr Sch\u00e4den, die auf Vorsatz oder grober Fahrl\u00e4ssigkeit beruhen. Bei einfacher Fahrl\u00e4ssigkeit haften wir nur bei Verletzung wesentlicher Vertragspflichten (Kardinalpflichten). Die Haftung ist in diesem Fall auf den vertragstypischen und vorhersehbaren Schaden begrenzt.<br>7.3 Die gesetzlichen Anspr\u00fcche aus der Gew\u00e4hrleistung bleiben hiervon unber\u00fchrt.<\/p>\n\n\n\n<h2 class=\"wp-block-heading\">8. Online-Streitbeilegung und Verbraucherschlichtung<\/h2>\n\n\n\n<p>8.1 Die Europ\u00e4ische Kommission stellt eine Plattform zur Online-Streitbeilegung (OS) bereit, die Sie unter https:\/\/ec.europa.eu\/consumers\/odr\/ finden.<br>8.2 Wir sind weder verpflichtet noch bereit, an einem Streitbeilegungsverfahren vor einer Verbraucherschlichtungsstelle teilzunehmen.<\/p>\n\n\n\n<h2 class=\"wp-block-heading\">9. Datenschutz<\/h2>\n\n\n\n<p>Informationen zur Erhebung und Verarbeitung personenbezogener Daten finden Sie in unserer [Datenschutzerkl\u00e4rung].<\/p>\n\n\n\n<h2 class=\"wp-block-heading\">10. Anwendbares Recht und Vertragssprache<\/h2>\n\n\n\n<p>10.1 Es gilt das Recht der Bundesrepublik Deutschland unter Ausschluss des UN-Kaufrechts. Gegen\u00fcber Verbraucher*innen gilt diese Rechtswahl nur insoweit, als hierdurch nicht der durch zwingende Bestimmungen des Rechts des Staates des gew\u00f6hnlichen Aufenthaltes des Verbrauchers gew\u00e4hrte Schutz entzogen wird.<br>10.2 Vertragssprache ist Deutsch.<\/p>\n\n\n\n<h2 class=\"wp-block-heading\">11. Schlussbestimmungen<\/h2>\n\n\n\n<p>Sollte eine Bestimmung dieser AGB unwirksam oder undurchf\u00fchrbar sein, bleiben die \u00fcbrigen Bestimmungen davon unber\u00fchrt. Anstelle der unwirksamen Regelung gelten die gesetzlichen Vorschriften.<\/p>\n\n\n\n<p>Datum: Januar 2025<\/p>\n","protected":false},"excerpt":{"rendered":"<p>1. Geltungsbereich 1.1 Diese Allgemeinen Gesch\u00e4ftsbedingungen (AGB) gelten f\u00fcr alle Bestellungen von Verbraucherinnen im Online-Shop von artnira (nachfolgend \u201ewir\u201c oder [&hellip;]<\/p>\n","protected":false},"author":1,"featured_media":0,"parent":0,"menu_order":0,"comment_status":"closed","ping_status":"closed","template":"","meta":{"site-sidebar-layout":"default","site-content-layout":"","ast-site-content-layout":"","site-content-style":"default","site-sidebar-style":"default","ast-global-header-display":"","ast-banner-title-visibility":"","ast-main-header-display":"","ast-hfb-above-header-display":"","ast-hfb-below-header-display":"","ast-hfb-mobile-header-display":"","site-post-title":"","ast-breadcrumbs-content":"","ast-featured-img":"","footer-sml-layout":"","theme-transparent-header-meta":"","adv-header-id-meta":"","stick-header-meta":"","header-above-stick-meta":"","header-main-stick-meta":"","header-below-stick-meta":"","astra-migrate-meta-layouts":"default","ast-page-background-enabled":"default","ast-page-background-meta":{"desktop":{"background-color":"var(--ast-global-color-5)","background-image":"","background-repeat":"repeat","background-position":"center center","background-size":"auto","background-attachment":"scroll","background-type":"","background-media":"","overlay-type":"","overlay-color":"","overlay-opacity":"","overlay-gradient":""},"tablet":{"background-color":"","background-image":"","background-repeat":"repeat","background-position":"center center","background-size":"auto","background-attachment":"scroll","background-type":"","background-media":"","overlay-type":"","overlay-color":"","overlay-opacity":"","overlay-gradient":""},"mobile":{"background-color":"","background-image":"","background-repeat":"repeat","background-position":"center center","background-size":"auto","background-attachment":"scroll","background-type":"","background-media":"","overlay-type":"","overlay-color":"","overlay-opacity":"","overlay-gradient":""}},"ast-content-background-meta":{"desktop":{"background-color":"var(--ast-global-color-4)","background-image":"","background-repeat":"repeat","background-position":"center center","background-size":"auto","background-attachment":"scroll","background-type":"","background-media":"","overlay-type":"","overlay-color":"","overlay-opacity":"","overlay-gradient":""},"tablet":{"background-color":"var(--ast-global-color-4)","background-image":"","background-repeat":"repeat","background-position":"center center","background-size":"auto","background-attachment":"scroll","background-type":"","background-media":"","overlay-type":"","overlay-color":"","overlay-opacity":"","overlay-gradient":""},"mobile":{"background-color":"var(--ast-global-color-4)","background-image":"","background-repeat":"repeat","background-position":"center center","background-size":"auto","background-attachment":"scroll","background-type":"","background-media":"","overlay-type":"","overlay-color":"","overlay-opacity":"","overlay-gradient":""}},"footnotes":""},"class_list":["post-602","page","type-page","status-publish","hentry"],"jetpack_sharing_enabled":true,"_links":{"self":[{"href":"https:\/\/shop.artnira.com\/de\/wp-json\/wp\/v2\/pages\/602","targetHints":{"allow":["GET"]}}],"collection":[{"href":"https:\/\/shop.artnira.com\/de\/wp-json\/wp\/v2\/pages"}],"about":[{"href":"https:\/\/shop.artnira.com\/de\/wp-json\/wp\/v2\/types\/page"}],"author":[{"embeddable":true,"href":"https:\/\/shop.artnira.com\/de\/wp-json\/wp\/v2\/users\/1"}],"replies":[{"embeddable":true,"href":"https:\/\/shop.artnira.com\/de\/wp-json\/wp\/v2\/comments?post=602"}],"version-history":[{"count":0,"href":"https:\/\/shop.artnira.com\/de\/wp-json\/wp\/v2\/pages\/602\/revisions"}],"wp:attachment":[{"href":"https:\/\/shop.artnira.com\/de\/wp-json\/wp\/v2\/media?parent=602"}],"curies":[{"name":"wp","href":"https:\/\/api.w.org\/{rel}","templated":true}]}}