{"id":239,"date":"2025-01-23T15:50:19","date_gmt":"2025-01-23T15:50:19","guid":{"rendered":"https:\/\/shop.artnira.com\/product\/zahnbuerstenhalter-der-kabel-unsichtbar-verstaut-und-ordnung-schafft\/"},"modified":"2026-04-04T08:30:12","modified_gmt":"2026-04-04T08:30:12","slug":"zahnbuerstenhalter-der-kabel-unsichtbar-verstaut-und-ordnung-schafft","status":"publish","type":"product","link":"https:\/\/shop.artnira.com\/de\/product\/zahnbuerstenhalter-der-kabel-unsichtbar-verstaut-und-ordnung-schafft\/","title":{"rendered":"Zahnb\u00fcrstenhalter &#8211; Versteckt Kabel, mit verdeckter Kabelf\u00fchrung f\u00fcr elektrische Zahnb\u00fcrsten. Docking Station mit Kabelintegration"},"content":{"rendered":"<p>Mit der praktischen Funktion, die Kabel von Ladeger\u00e4ten f\u00fcr elektrische Zahnb\u00fcrsten zu verbergen, ist dieser Halter sowohl funktionell als auch stilvoll. Hergestellt in Deutschland aus hochwertigem Kunststoff (Polymilchs\u00e4ure aka PLA, wasserabweisend und industriell kompostierbar. Hergestellt aus St\u00e4rkerohstoffen aus nachwachsenden pflanzlichen Ressourcen, umweltfreundlich und ungiftig) im 3D-Druckverfahren, passt er perfekt in jedes Badezimmer und bietet Platz f\u00fcr bis zu 4 Zahnb\u00fcrsten. Dieser Zahnb\u00fcrstenhalter ist einfach zu montieren, entweder freistehend oder an der Wand, und sorgt f\u00fcr Ordnung und Bequemlichkeit in Ihrem Alltag.<br \/>\nDer artnira Zahnb\u00fcrstenhalter ist die ideale L\u00f6sung, um Ihr Badezimmer aufger\u00e4umt und organisiert zu halten.<\/p>\n<p><strong>Achtung! Nicht f\u00fcr iO Ladeger\u00e4te ab Serie 7 geeignet.<\/strong><\/p>\n","protected":false},"excerpt":{"rendered":"<p>Mit der praktischen Funktion, die Kabel von Ladeger\u00e4ten f\u00fcr elektrische Zahnb\u00fcrsten zu verbergen, ist dieser Halter sowohl funktionell als auch [&hellip;]<\/p>\n","protected":false},"featured_media":220,"template":"","meta":{"site-sidebar-layout":"default","site-content-layout":"","ast-site-content-layout":"default","site-content-style":"default","site-sidebar-style":"default","ast-global-header-display":"","ast-banner-title-visibility":"","ast-main-header-display":"","ast-hfb-above-header-display":"","ast-hfb-below-header-display":"","ast-hfb-mobile-header-display":"","site-post-title":"","ast-breadcrumbs-content":"","ast-featured-img":"","footer-sml-layout":"","theme-transparent-header-meta":"default","adv-header-id-meta":"","stick-header-meta":"","header-above-stick-meta":"","header-main-stick-meta":"","header-below-stick-meta":"","astra-migrate-meta-layouts":"set","ast-page-background-enabled":"default","ast-page-background-meta":{"desktop":{"background-color":"var(--ast-global-color-5)","background-image":"","background-repeat":"repeat","background-position":"center center","background-size":"auto","background-attachment":"scroll","background-type":"","background-media":"","overlay-type":"","overlay-color":"","overlay-opacity":"","overlay-gradient":""},"tablet":{"background-color":"","background-image":"","background-repeat":"repeat","background-position":"center center","background-size":"auto","background-attachment":"scroll","background-type":"","background-media":"","overlay-type":"","overlay-color":"","overlay-opacity":"","overlay-gradient":""},"mobile":{"background-color":"","background-image":"","background-repeat":"repeat","background-position":"center center","background-size":"auto","background-attachment":"scroll","background-type":"","background-media":"","overlay-type":"","overlay-color":"","overlay-opacity":"","overlay-gradient":""}},"ast-content-background-meta":{"desktop":{"background-color":"var(--ast-global-color-4)","background-image":"","background-repeat":"repeat","background-position":"center center","background-size":"auto","background-attachment":"scroll","background-type":"","background-media":"","overlay-type":"","overlay-color":"","overlay-opacity":"","overlay-gradient":""},"tablet":{"background-color":"var(--ast-global-color-4)","background-image":"","background-repeat":"repeat","background-position":"center center","background-size":"auto","background-attachment":"scroll","background-type":"","background-media":"","overlay-type":"","overlay-color":"","overlay-opacity":"","overlay-gradient":""},"mobile":{"background-color":"var(--ast-global-color-4)","background-image":"","background-repeat":"repeat","background-position":"center center","background-size":"auto","background-attachment":"scroll","background-type":"","background-media":"","overlay-type":"","overlay-color":"","overlay-opacity":"","overlay-gradient":""}}},"product_brand":[],"product_cat":[103],"product_tag":[124,121,123,131,81,122,129,125,128,130,120,127,126],"class_list":{"0":"post-239","1":"product","2":"type-product","3":"status-publish","4":"has-post-thumbnail","6":"product_cat-zahnbuersten-organizer","7":"product_tag-kabelintegration-de-2","8":"product_tag-kabelmanagement-de-2","9":"product_tag-ladegerat-de-2","10":"product_tag-ladestation-zahnburste-3-fach","11":"product_tag-oral-b-de","12":"product_tag-versteckt-kabel-de-2","13":"product_tag-versteckt-ladekabel-und-ladestation","14":"product_tag-wandmontage-und-kabelauslass-de-2","15":"product_tag-zahnburste-mit-ladestation-de-2","16":"product_tag-zahnburste-mit-wandladestation-de-2","17":"product_tag-zahnburstenhalter-de-2","18":"product_tag-zahnburstenhalter-fur-die-wand","19":"product_tag-zahnburstenhalter-ladestation","20":"desktop-align-left","21":"tablet-align-left","22":"mobile-align-left","23":"ast-product-gallery-layout-horizontal-slider","24":"ast-product-single-variable","25":"ast-product-tabs-layout-horizontal","27":"first","28":"instock","29":"taxable","30":"shipping-taxable","31":"purchasable","32":"product-type-variable","33":"has-default-attributes"},"jetpack_sharing_enabled":true,"_links":{"self":[{"href":"https:\/\/shop.artnira.com\/de\/wp-json\/wp\/v2\/product\/239","targetHints":{"allow":["GET"]}}],"collection":[{"href":"https:\/\/shop.artnira.com\/de\/wp-json\/wp\/v2\/product"}],"about":[{"href":"https:\/\/shop.artnira.com\/de\/wp-json\/wp\/v2\/types\/product"}],"wp:featuredmedia":[{"embeddable":true,"href":"https:\/\/shop.artnira.com\/de\/wp-json\/wp\/v2\/media\/220"}],"wp:attachment":[{"href":"https:\/\/shop.artnira.com\/de\/wp-json\/wp\/v2\/media?parent=239"}],"wp:term":[{"taxonomy":"product_brand","embeddable":true,"href":"https:\/\/shop.artnira.com\/de\/wp-json\/wp\/v2\/product_brand?post=239"},{"taxonomy":"product_cat","embeddable":true,"href":"https:\/\/shop.artnira.com\/de\/wp-json\/wp\/v2\/product_cat?post=239"},{"taxonomy":"product_tag","embeddable":true,"href":"https:\/\/shop.artnira.com\/de\/wp-json\/wp\/v2\/product_tag?post=239"}],"curies":[{"name":"wp","href":"https:\/\/api.w.org\/{rel}","templated":true}]}}