{"id":343,"date":"2025-01-22T17:05:58","date_gmt":"2025-01-22T17:05:58","guid":{"rendered":"https:\/\/shop.artnira.com\/chariot\/"},"modified":"2025-01-25T16:24:14","modified_gmt":"2025-01-25T16:24:14","slug":"chariot","status":"publish","type":"page","link":"https:\/\/shop.artnira.com\/fr\/chariot\/","title":{"rendered":"Chariot"},"content":{"rendered":"\n<div data-block-name=\"woocommerce\/cart\" class=\"wp-block-woocommerce-cart alignwide is-loading\">\n<div data-block-name=\"woocommerce\/filled-cart-block\" class=\"wp-block-woocommerce-filled-cart-block\">\n<div data-block-name=\"woocommerce\/cart-items-block\" class=\"wp-block-woocommerce-cart-items-block\">\n<div data-block-name=\"woocommerce\/cart-line-items-block\" class=\"wp-block-woocommerce-cart-line-items-block\"><\/div>\n\n\n\n<div data-block-name=\"woocommerce\/cart-cross-sells-block\" class=\"wp-block-woocommerce-cart-cross-sells-block\">\n<h2 class=\"wp-block-heading has-large-font-size\">Vous pourriez \u00eatre int\u00e9ress\u00e9 par&#8230;<\/h2>\n\n\n\n<div data-block-name=\"woocommerce\/cart-cross-sells-products-block\" class=\"wp-block-woocommerce-cart-cross-sells-products-block\"><\/div>\n<\/div>\n<\/div>\n\n\n\n<div data-block-name=\"woocommerce\/cart-totals-block\" class=\"wp-block-woocommerce-cart-totals-block\">\n<div data-block-name=\"woocommerce\/cart-order-summary-block\" class=\"wp-block-woocommerce-cart-order-summary-block\">\n<div data-block-name=\"woocommerce\/cart-order-summary-heading-block\" class=\"wp-block-woocommerce-cart-order-summary-heading-block\"><\/div><div data-block-name=\"woocommerce\/cart-order-summary-coupon-form-block\" class=\"wp-block-woocommerce-cart-order-summary-coupon-form-block\"><\/div><div data-block-name=\"woocommerce\/cart-order-summary-totals-block\" class=\"wp-block-woocommerce-cart-order-summary-totals-block\">\n<div data-block-name=\"woocommerce\/cart-order-summary-subtotal-block\" class=\"wp-block-woocommerce-cart-order-summary-subtotal-block\"><\/div>\n<div data-block-name=\"woocommerce\/cart-order-summary-discount-block\" class=\"wp-block-woocommerce-cart-order-summary-discount-block\"><\/div>\n<div data-block-name=\"woocommerce\/cart-order-summary-fee-block\" class=\"wp-block-woocommerce-cart-order-summary-fee-block\"><\/div>\n<div data-block-name=\"woocommerce\/cart-order-summary-shipping-block\" class=\"wp-block-woocommerce-cart-order-summary-shipping-block\"><\/div>\n<div data-block-name=\"woocommerce\/cart-order-summary-taxes-block\" class=\"wp-block-woocommerce-cart-order-summary-taxes-block\"><\/div><\/div>\n<\/div>\n\n\n\n<div data-block-name=\"woocommerce\/cart-express-payment-block\" class=\"wp-block-woocommerce-cart-express-payment-block\"><\/div>\n\n\n\n<div data-block-name=\"woocommerce\/proceed-to-checkout-block\" class=\"wp-block-woocommerce-proceed-to-checkout-block\"><\/div>\n\n\n\n<div data-block-name=\"woocommerce\/cart-accepted-payment-methods-block\" class=\"wp-block-woocommerce-cart-accepted-payment-methods-block\"><\/div>\n<\/div>\n<\/div>\n\n\n\n<div data-block-name=\"woocommerce\/empty-cart-block\" class=\"wp-block-woocommerce-empty-cart-block\">\n<h2 class=\"wp-block-heading has-text-align-center with-empty-cart-icon wc-block-cart__empty-cart__title\">Votre panier est actuellement vide !<\/h2>\n\n\n\n<hr class=\"wp-block-separator has-alpha-channel-opacity is-style-dots\"\/>\n\n\n\n<h2 class=\"wp-block-heading has-text-align-center\">Nouveau en magasin<\/h2>\n\n\n<div data-block-name=\"woocommerce\/product-new\" data-columns=\"4\" data-rows=\"1\" class=\"wc-block-grid wp-block-product-new wp-block-woocommerce-product-new wc-block-product-new has-4-columns\"><ul class=\"wc-block-grid__products\"><li class=\"wc-block-grid__product\"><span class=\"gtm4wp_productdata\" style=\"display:none; visibility:hidden;\" data-gtm4wp_product_data=\"{&quot;internal_id&quot;:314,&quot;item_id&quot;:314,&quot;item_name&quot;:&quot;Support de brosse \\u00e0 dents - Cache les c\\u00e2bles, avec une gestion dissimul\\u00e9e des c\\u00e2bles pour les brosses \\u00e0 dents \\u00e9lectriques. Station d&#039;accueil avec int\\u00e9gration des c\\u00e2bles&quot;,&quot;sku&quot;:314,&quot;price&quot;:11.9000000000000003552713678800500929355621337890625,&quot;stocklevel&quot;:null,&quot;stockstatus&quot;:&quot;instock&quot;,&quot;google_business_vertical&quot;:&quot;retail&quot;,&quot;item_category&quot;:&quot;Organisateur de salle de bains&quot;,&quot;id&quot;:314,&quot;productlink&quot;:&quot;https:\\\/\\\/shop.artnira.com\\\/fr\\\/product\\\/support-de-brosse-a-dents-cache-les-cables-avec-une-gestion-dissimulee-des-cables-pour-les-brosses-a-dents-electriques-station-daccueil-avec-integration-des-cables\\\/&quot;,&quot;item_list_name&quot;:&quot;Liste g\\u00e9n\\u00e9rale des produits&quot;,&quot;index&quot;:0,&quot;product_type&quot;:&quot;variable&quot;,&quot;item_brand&quot;:&quot;&quot;}\"><\/span>\n\t\t\t\t<a href=\"https:\/\/shop.artnira.com\/fr\/product\/support-de-brosse-a-dents-cache-les-cables-avec-une-gestion-dissimulee-des-cables-pour-les-brosses-a-dents-electriques-station-daccueil-avec-integration-des-cables\/\" class=\"wc-block-grid__product-link\">\n\t\t\t\t\t\n\t\t\t\t\t<div class=\"wc-block-grid__product-image\"><img loading=\"lazy\" decoding=\"async\" width=\"300\" height=\"300\" src=\"https:\/\/shop.artnira.com\/wp-content\/uploads\/2025\/01\/HIRO_image-300x300.jpg\" class=\"attachment-woocommerce_thumbnail size-woocommerce_thumbnail\" alt=\"Support de brosse \u00e0 dents - Cache les c\u00e2bles, avec une gestion dissimul\u00e9e des c\u00e2bles pour les brosses \u00e0 dents \u00e9lectriques. Station d&#039;accueil avec int\u00e9gration des c\u00e2bles\" srcset=\"https:\/\/shop.artnira.com\/wp-content\/uploads\/2025\/01\/HIRO_image-300x300.jpg 300w, https:\/\/shop.artnira.com\/wp-content\/uploads\/2025\/01\/HIRO_image-1024x1024.jpg 1024w, https:\/\/shop.artnira.com\/wp-content\/uploads\/2025\/01\/HIRO_image-150x150.jpg 150w, https:\/\/shop.artnira.com\/wp-content\/uploads\/2025\/01\/HIRO_image-768x768.jpg 768w, https:\/\/shop.artnira.com\/wp-content\/uploads\/2025\/01\/HIRO_image-1536x1536.jpg 1536w, https:\/\/shop.artnira.com\/wp-content\/uploads\/2025\/01\/HIRO_image-600x600.jpg 600w, https:\/\/shop.artnira.com\/wp-content\/uploads\/2025\/01\/HIRO_image-100x100.jpg 100w, https:\/\/shop.artnira.com\/wp-content\/uploads\/2025\/01\/HIRO_image.jpg 1600w\" sizes=\"auto, (max-width: 300px) 100vw, 300px\" \/><\/div>\n\t\t\t\t\t<div class=\"wc-block-grid__product-title\">Support de brosse \u00e0 dents &#8211; Cache les c\u00e2bles, avec une gestion dissimul\u00e9e des c\u00e2bles pour les brosses \u00e0 dents \u00e9lectriques. Station d&rsquo;accueil avec int\u00e9gration des c\u00e2bles<\/div>\n\t\t\t\t<\/a>\n\t\t\t\t<div class=\"wc-block-grid__product-price price\"><span class=\"woocommerce-Price-amount amount\" aria-hidden=\"true\">11,90&nbsp;<span class=\"woocommerce-Price-currencySymbol\">&euro;<\/span><\/span> <span aria-hidden=\"true\">\u00a0\u2013\u00a0<\/span> <span class=\"woocommerce-Price-amount amount\" aria-hidden=\"true\">29,90&nbsp;<span class=\"woocommerce-Price-currencySymbol\">&euro;<\/span><\/span><span class=\"screen-reader-text\">Plage de prix\u00a0: 11,90&nbsp;&euro; \u00e0 29,90&nbsp;&euro;<\/span><\/div>\n\t\t\t\t\n\t\t\t\t<div class=\"wp-block-button wc-block-grid__product-add-to-cart\"><a href=\"https:\/\/shop.artnira.com\/fr\/product\/support-de-brosse-a-dents-cache-les-cables-avec-une-gestion-dissimulee-des-cables-pour-les-brosses-a-dents-electriques-station-daccueil-avec-integration-des-cables\/\" aria-label=\"S\u00e9lectionner les options pour &ldquo;Support de brosse \u00e0 dents - Cache les c\u00e2bles, avec une gestion dissimul\u00e9e des c\u00e2bles pour les brosses \u00e0 dents \u00e9lectriques. Station d&#039;accueil avec int\u00e9gration des c\u00e2bles&rdquo;\" data-quantity=\"1\" data-product_id=\"314\" data-product_sku=\"\" data-price=\"11.9\" rel=\"nofollow\" class=\"wp-block-button__link  add_to_cart_button\">Choix des options<\/a><\/div>\n\t\t\t<\/li><li class=\"wc-block-grid__product\"><span class=\"gtm4wp_productdata\" style=\"display:none; visibility:hidden;\" data-gtm4wp_product_data=\"{&quot;internal_id&quot;:356,&quot;item_id&quot;:356,&quot;item_name&quot;:&quot;Support de brosse \\u00e0 dents - Cache les c\\u00e2bles, avec une gestion dissimul\\u00e9e des c\\u00e2bles pour les brosses \\u00e0 dents \\u00e9lectriques. Station d&#039;accueil avec int\\u00e9gration des c\\u00e2bles&quot;,&quot;sku&quot;:356,&quot;price&quot;:12.9000000000000003552713678800500929355621337890625,&quot;stocklevel&quot;:null,&quot;stockstatus&quot;:&quot;instock&quot;,&quot;google_business_vertical&quot;:&quot;retail&quot;,&quot;item_category&quot;:&quot;Organisateur de salle de bains&quot;,&quot;id&quot;:356,&quot;productlink&quot;:&quot;https:\\\/\\\/shop.artnira.com\\\/fr\\\/product\\\/support-de-brosse-a-dents-cache-les-cables-avec-une-gestion-dissimulee-des-cables-pour-les-brosses-a-dents-electriques-station-daccueil-avec-integration-des-cables-2\\\/&quot;,&quot;item_list_name&quot;:&quot;Liste g\\u00e9n\\u00e9rale des produits&quot;,&quot;index&quot;:0,&quot;product_type&quot;:&quot;variable&quot;,&quot;item_brand&quot;:&quot;&quot;}\"><\/span>\n\t\t\t\t<a href=\"https:\/\/shop.artnira.com\/fr\/product\/support-de-brosse-a-dents-cache-les-cables-avec-une-gestion-dissimulee-des-cables-pour-les-brosses-a-dents-electriques-station-daccueil-avec-integration-des-cables-2\/\" class=\"wc-block-grid__product-link\">\n\t\t\t\t\t\n\t\t\t\t\t<div class=\"wc-block-grid__product-image\"><img loading=\"lazy\" decoding=\"async\" width=\"300\" height=\"300\" src=\"https:\/\/shop.artnira.com\/wp-content\/uploads\/2025\/01\/Jade-White-0-00-00-00-300x300.jpg\" class=\"attachment-woocommerce_thumbnail size-woocommerce_thumbnail\" alt=\"Support de brosse \u00e0 dents - Cache les c\u00e2bles, avec une gestion dissimul\u00e9e des c\u00e2bles pour les brosses \u00e0 dents \u00e9lectriques. Station d&#039;accueil avec int\u00e9gration des c\u00e2bles\" srcset=\"https:\/\/shop.artnira.com\/wp-content\/uploads\/2025\/01\/Jade-White-0-00-00-00-300x300.jpg 300w, https:\/\/shop.artnira.com\/wp-content\/uploads\/2025\/01\/Jade-White-0-00-00-00-1024x1024.jpg 1024w, https:\/\/shop.artnira.com\/wp-content\/uploads\/2025\/01\/Jade-White-0-00-00-00-150x150.jpg 150w, https:\/\/shop.artnira.com\/wp-content\/uploads\/2025\/01\/Jade-White-0-00-00-00-768x768.jpg 768w, https:\/\/shop.artnira.com\/wp-content\/uploads\/2025\/01\/Jade-White-0-00-00-00-600x600.jpg 600w, https:\/\/shop.artnira.com\/wp-content\/uploads\/2025\/01\/Jade-White-0-00-00-00-100x100.jpg 100w, https:\/\/shop.artnira.com\/wp-content\/uploads\/2025\/01\/Jade-White-0-00-00-00.jpg 1500w\" sizes=\"auto, (max-width: 300px) 100vw, 300px\" \/><\/div>\n\t\t\t\t\t<div class=\"wc-block-grid__product-title\">Support de brosse \u00e0 dents &#8211; Cache les c\u00e2bles, avec une gestion dissimul\u00e9e des c\u00e2bles pour les brosses \u00e0 dents \u00e9lectriques. Station d&rsquo;accueil avec int\u00e9gration des c\u00e2bles<\/div>\n\t\t\t\t<\/a>\n\t\t\t\t<div class=\"wc-block-grid__product-price price\"><span class=\"woocommerce-Price-amount amount\" aria-hidden=\"true\">12,90&nbsp;<span class=\"woocommerce-Price-currencySymbol\">&euro;<\/span><\/span> <span aria-hidden=\"true\">\u00a0\u2013\u00a0<\/span> <span class=\"woocommerce-Price-amount amount\" aria-hidden=\"true\">31,90&nbsp;<span class=\"woocommerce-Price-currencySymbol\">&euro;<\/span><\/span><span class=\"screen-reader-text\">Plage de prix\u00a0: 12,90&nbsp;&euro; \u00e0 31,90&nbsp;&euro;<\/span><\/div>\n\t\t\t\t\n\t\t\t\t<div class=\"wp-block-button wc-block-grid__product-add-to-cart\"><a href=\"https:\/\/shop.artnira.com\/fr\/product\/support-de-brosse-a-dents-cache-les-cables-avec-une-gestion-dissimulee-des-cables-pour-les-brosses-a-dents-electriques-station-daccueil-avec-integration-des-cables-2\/\" aria-label=\"S\u00e9lectionner les options pour &ldquo;Support de brosse \u00e0 dents - Cache les c\u00e2bles, avec une gestion dissimul\u00e9e des c\u00e2bles pour les brosses \u00e0 dents \u00e9lectriques. Station d&#039;accueil avec int\u00e9gration des c\u00e2bles&rdquo;\" data-quantity=\"1\" data-product_id=\"356\" data-product_sku=\"\" data-price=\"12.9\" rel=\"nofollow\" class=\"wp-block-button__link  add_to_cart_button\">Choix des options<\/a><\/div>\n\t\t\t<\/li><li class=\"wc-block-grid__product\"><span class=\"gtm4wp_productdata\" style=\"display:none; visibility:hidden;\" data-gtm4wp_product_data=\"{&quot;internal_id&quot;:382,&quot;item_id&quot;:382,&quot;item_name&quot;:&quot;Porte-brosse \\u00e0 dents en forme de vase - Rangement \\u00e9l\\u00e9gant pour brosses \\u00e0 dents \\u00e9lectriques&quot;,&quot;sku&quot;:382,&quot;price&quot;:15.9000000000000003552713678800500929355621337890625,&quot;stocklevel&quot;:12,&quot;stockstatus&quot;:&quot;instock&quot;,&quot;google_business_vertical&quot;:&quot;retail&quot;,&quot;item_category&quot;:&quot;Organisateur de salle de bains&quot;,&quot;id&quot;:382,&quot;productlink&quot;:&quot;https:\\\/\\\/shop.artnira.com\\\/fr\\\/product\\\/porte-brosse-a-dents-en-forme-de-vase-rangement-elegant-pour-brosses-a-dents-electriques\\\/&quot;,&quot;item_list_name&quot;:&quot;Liste g\\u00e9n\\u00e9rale des produits&quot;,&quot;index&quot;:0,&quot;product_type&quot;:&quot;variable&quot;,&quot;item_brand&quot;:&quot;&quot;}\"><\/span>\n\t\t\t\t<a href=\"https:\/\/shop.artnira.com\/fr\/product\/porte-brosse-a-dents-en-forme-de-vase-rangement-elegant-pour-brosses-a-dents-electriques\/\" class=\"wc-block-grid__product-link\">\n\t\t\t\t\t\n\t\t\t\t\t<div class=\"wc-block-grid__product-image\"><img loading=\"lazy\" decoding=\"async\" width=\"300\" height=\"300\" src=\"https:\/\/shop.artnira.com\/wp-content\/uploads\/2025\/01\/Vase_01_2-300x300.jpg\" class=\"attachment-woocommerce_thumbnail size-woocommerce_thumbnail\" alt=\"Porte-brosse \u00e0 dents en forme de vase - Rangement \u00e9l\u00e9gant pour brosses \u00e0 dents \u00e9lectriques\" srcset=\"https:\/\/shop.artnira.com\/wp-content\/uploads\/2025\/01\/Vase_01_2-300x300.jpg 300w, https:\/\/shop.artnira.com\/wp-content\/uploads\/2025\/01\/Vase_01_2-1024x1024.jpg 1024w, https:\/\/shop.artnira.com\/wp-content\/uploads\/2025\/01\/Vase_01_2-150x150.jpg 150w, https:\/\/shop.artnira.com\/wp-content\/uploads\/2025\/01\/Vase_01_2-768x768.jpg 768w, https:\/\/shop.artnira.com\/wp-content\/uploads\/2025\/01\/Vase_01_2-1536x1536.jpg 1536w, https:\/\/shop.artnira.com\/wp-content\/uploads\/2025\/01\/Vase_01_2-600x600.jpg 600w, https:\/\/shop.artnira.com\/wp-content\/uploads\/2025\/01\/Vase_01_2-100x100.jpg 100w, https:\/\/shop.artnira.com\/wp-content\/uploads\/2025\/01\/Vase_01_2.jpg 1920w\" sizes=\"auto, (max-width: 300px) 100vw, 300px\" \/><\/div>\n\t\t\t\t\t<div class=\"wc-block-grid__product-title\">Porte-brosse \u00e0 dents en forme de vase &#8211; Rangement \u00e9l\u00e9gant pour brosses \u00e0 dents \u00e9lectriques<\/div>\n\t\t\t\t<\/a>\n\t\t\t\t<div class=\"wc-block-grid__product-price price\"><span class=\"woocommerce-Price-amount amount\" aria-hidden=\"true\">15,90&nbsp;<span class=\"woocommerce-Price-currencySymbol\">&euro;<\/span><\/span> <span aria-hidden=\"true\">\u00a0\u2013\u00a0<\/span> <span class=\"woocommerce-Price-amount amount\" aria-hidden=\"true\">17,90&nbsp;<span class=\"woocommerce-Price-currencySymbol\">&euro;<\/span><\/span><span class=\"screen-reader-text\">Plage de prix\u00a0: 15,90&nbsp;&euro; \u00e0 17,90&nbsp;&euro;<\/span><\/div>\n\t\t\t\t\n\t\t\t\t<div class=\"wp-block-button wc-block-grid__product-add-to-cart\"><a href=\"https:\/\/shop.artnira.com\/fr\/product\/porte-brosse-a-dents-en-forme-de-vase-rangement-elegant-pour-brosses-a-dents-electriques\/\" aria-label=\"S\u00e9lectionner les options pour &ldquo;Porte-brosse \u00e0 dents en forme de vase - Rangement \u00e9l\u00e9gant pour brosses \u00e0 dents \u00e9lectriques&rdquo;\" data-quantity=\"1\" data-product_id=\"382\" data-product_sku=\"\" data-price=\"15.9\" rel=\"nofollow\" class=\"wp-block-button__link  add_to_cart_button\">Choix des options<\/a><\/div>\n\t\t\t<\/li><\/ul><\/div><\/div>\n<\/div>\n","protected":false},"excerpt":{"rendered":"","protected":false},"author":1,"featured_media":0,"parent":0,"menu_order":0,"comment_status":"closed","ping_status":"closed","template":"","meta":{"site-sidebar-layout":"default","site-content-layout":"","ast-site-content-layout":"","site-content-style":"default","site-sidebar-style":"default","ast-global-header-display":"","ast-banner-title-visibility":"","ast-main-header-display":"","ast-hfb-above-header-display":"","ast-hfb-below-header-display":"","ast-hfb-mobile-header-display":"","site-post-title":"","ast-breadcrumbs-content":"","ast-featured-img":"","footer-sml-layout":"","theme-transparent-header-meta":"","adv-header-id-meta":"","stick-header-meta":"","header-above-stick-meta":"","header-main-stick-meta":"","header-below-stick-meta":"","astra-migrate-meta-layouts":"default","ast-page-background-enabled":"default","ast-page-background-meta":{"desktop":{"background-color":"var(--ast-global-color-5)","background-image":"","background-repeat":"repeat","background-position":"center center","background-size":"auto","background-attachment":"scroll","background-type":"","background-media":"","overlay-type":"","overlay-color":"","overlay-opacity":"","overlay-gradient":""},"tablet":{"background-color":"","background-image":"","background-repeat":"repeat","background-position":"center center","background-size":"auto","background-attachment":"scroll","background-type":"","background-media":"","overlay-type":"","overlay-color":"","overlay-opacity":"","overlay-gradient":""},"mobile":{"background-color":"","background-image":"","background-repeat":"repeat","background-position":"center center","background-size":"auto","background-attachment":"scroll","background-type":"","background-media":"","overlay-type":"","overlay-color":"","overlay-opacity":"","overlay-gradient":""}},"ast-content-background-meta":{"desktop":{"background-color":"var(--ast-global-color-4)","background-image":"","background-repeat":"repeat","background-position":"center center","background-size":"auto","background-attachment":"scroll","background-type":"","background-media":"","overlay-type":"","overlay-color":"","overlay-opacity":"","overlay-gradient":""},"tablet":{"background-color":"var(--ast-global-color-4)","background-image":"","background-repeat":"repeat","background-position":"center center","background-size":"auto","background-attachment":"scroll","background-type":"","background-media":"","overlay-type":"","overlay-color":"","overlay-opacity":"","overlay-gradient":""},"mobile":{"background-color":"var(--ast-global-color-4)","background-image":"","background-repeat":"repeat","background-position":"center center","background-size":"auto","background-attachment":"scroll","background-type":"","background-media":"","overlay-type":"","overlay-color":"","overlay-opacity":"","overlay-gradient":""}},"footnotes":""},"class_list":["post-343","page","type-page","status-publish","hentry"],"jetpack_sharing_enabled":true,"_links":{"self":[{"href":"https:\/\/shop.artnira.com\/fr\/wp-json\/wp\/v2\/pages\/343","targetHints":{"allow":["GET"]}}],"collection":[{"href":"https:\/\/shop.artnira.com\/fr\/wp-json\/wp\/v2\/pages"}],"about":[{"href":"https:\/\/shop.artnira.com\/fr\/wp-json\/wp\/v2\/types\/page"}],"author":[{"embeddable":true,"href":"https:\/\/shop.artnira.com\/fr\/wp-json\/wp\/v2\/users\/1"}],"replies":[{"embeddable":true,"href":"https:\/\/shop.artnira.com\/fr\/wp-json\/wp\/v2\/comments?post=343"}],"version-history":[{"count":0,"href":"https:\/\/shop.artnira.com\/fr\/wp-json\/wp\/v2\/pages\/343\/revisions"}],"wp:attachment":[{"href":"https:\/\/shop.artnira.com\/fr\/wp-json\/wp\/v2\/media?parent=343"}],"curies":[{"name":"wp","href":"https:\/\/api.w.org\/{rel}","templated":true}]}}