{"id":356,"date":"2025-01-23T15:50:19","date_gmt":"2025-01-23T15:50:19","guid":{"rendered":"https:\/\/shop.artnira.com\/product\/support-de-brosse-a-dents-cache-les-cables-avec-une-gestion-dissimulee-des-cables-pour-les-brosses-a-dents-electriques-station-daccueil-avec-integration-des-cables-2\/"},"modified":"2026-04-11T13:18:42","modified_gmt":"2026-04-11T13:18:42","slug":"support-de-brosse-a-dents-cache-les-cables-avec-une-gestion-dissimulee-des-cables-pour-les-brosses-a-dents-electriques-station-daccueil-avec-integration-des-cables-2","status":"publish","type":"product","link":"https:\/\/shop.artnira.com\/fr\/product\/support-de-brosse-a-dents-cache-les-cables-avec-une-gestion-dissimulee-des-cables-pour-les-brosses-a-dents-electriques-station-daccueil-avec-integration-des-cables-2\/","title":{"rendered":"Support de brosse \u00e0 dents &#8211; Cache les c\u00e2bles, avec une gestion dissimul\u00e9e des c\u00e2bles pour les brosses \u00e0 dents \u00e9lectriques. Station d&rsquo;accueil avec int\u00e9gration des c\u00e2bles"},"content":{"rendered":"<p>Pratique pour dissimuler les c\u00e2bles des chargeurs de brosses \u00e0 dents \u00e9lectriques, ce support est \u00e0 la fois fonctionnel et \u00e9l\u00e9gant. Fabriqu\u00e9 en Allemagne \u00e0 partir de plastique de haute qualit\u00e9 (acide polylactique ou PLA, hydrofuge et industriellement compostable) gr\u00e2ce au processus d&rsquo;impression 3D, il s&rsquo;int\u00e8gre parfaitement dans toute salle de bains et offre un espace pour 4 brosses \u00e0 dents. Facile \u00e0 installer, que ce soit en pose libre ou au mur, ce porte-brosse \u00e0 dents assure ordre et commodit\u00e9 dans votre vie quotidienne.<br \/>\nLe porte-brosse \u00e0 dents artnira est la solution id\u00e9ale pour garder votre salle de bains rang\u00e9e et organis\u00e9e.<\/p>\n","protected":false},"excerpt":{"rendered":"<p>Pratique pour dissimuler les c\u00e2bles des chargeurs de brosses \u00e0 dents \u00e9lectriques, ce support est \u00e0 la fois fonctionnel et [&hellip;]<\/p>\n","protected":false},"featured_media":358,"template":"","meta":{"site-sidebar-layout":"default","site-content-layout":"","ast-site-content-layout":"default","site-content-style":"default","site-sidebar-style":"default","ast-global-header-display":"","ast-banner-title-visibility":"","ast-main-header-display":"","ast-hfb-above-header-display":"","ast-hfb-below-header-display":"","ast-hfb-mobile-header-display":"","site-post-title":"","ast-breadcrumbs-content":"","ast-featured-img":"","footer-sml-layout":"","theme-transparent-header-meta":"default","adv-header-id-meta":"","stick-header-meta":"","header-above-stick-meta":"","header-main-stick-meta":"","header-below-stick-meta":"","astra-migrate-meta-layouts":"default","ast-page-background-enabled":"default","ast-page-background-meta":{"desktop":{"background-color":"var(--ast-global-color-5)","background-image":"","background-repeat":"repeat","background-position":"center center","background-size":"auto","background-attachment":"scroll","background-type":"","background-media":"","overlay-type":"","overlay-color":"","overlay-opacity":"","overlay-gradient":""},"tablet":{"background-color":"","background-image":"","background-repeat":"repeat","background-position":"center center","background-size":"auto","background-attachment":"scroll","background-type":"","background-media":"","overlay-type":"","overlay-color":"","overlay-opacity":"","overlay-gradient":""},"mobile":{"background-color":"","background-image":"","background-repeat":"repeat","background-position":"center center","background-size":"auto","background-attachment":"scroll","background-type":"","background-media":"","overlay-type":"","overlay-color":"","overlay-opacity":"","overlay-gradient":""}},"ast-content-background-meta":{"desktop":{"background-color":"var(--ast-global-color-4)","background-image":"","background-repeat":"repeat","background-position":"center center","background-size":"auto","background-attachment":"scroll","background-type":"","background-media":"","overlay-type":"","overlay-color":"","overlay-opacity":"","overlay-gradient":""},"tablet":{"background-color":"var(--ast-global-color-4)","background-image":"","background-repeat":"repeat","background-position":"center center","background-size":"auto","background-attachment":"scroll","background-type":"","background-media":"","overlay-type":"","overlay-color":"","overlay-opacity":"","overlay-gradient":""},"mobile":{"background-color":"var(--ast-global-color-4)","background-image":"","background-repeat":"repeat","background-position":"center center","background-size":"auto","background-attachment":"scroll","background-type":"","background-media":"","overlay-type":"","overlay-color":"","overlay-opacity":"","overlay-gradient":""}}},"product_brand":[],"product_cat":[149],"product_tag":[167,156,161,168,162,160,163,164,150,155,166,165,169],"class_list":{"0":"post-356","1":"product","2":"type-product","3":"status-publish","4":"has-post-thumbnail","6":"product_cat-organisateur-de-salle-de-bains","7":"product_tag-brosse-a-dents-avec-station-de-recharge","8":"product_tag-brosse-a-dents-avec-station-de-recharge-murale","9":"product_tag-cable-cache","10":"product_tag-cacher-le-cable-de-chargement","11":"product_tag-chargeur","12":"product_tag-gestion-des-cables","13":"product_tag-integration-des-cables","14":"product_tag-montage-mural-et-sortie-de-cable","15":"product_tag-oral-b-fr","16":"product_tag-porte-brosse-a-dents","17":"product_tag-porte-brosse-a-dents-mural","18":"product_tag-porte-brosse-a-dents-station-de-recharge","19":"product_tag-station-de-charge-brosse-a-dents-3-fold","20":"desktop-align-left","21":"tablet-align-left","22":"mobile-align-left","23":"ast-product-gallery-layout-horizontal-slider","24":"ast-product-single-variable","25":"ast-product-tabs-layout-horizontal","27":"first","28":"instock","29":"taxable","30":"shipping-taxable","31":"purchasable","32":"product-type-variable","33":"has-default-attributes"},"jetpack_sharing_enabled":true,"_links":{"self":[{"href":"https:\/\/shop.artnira.com\/fr\/wp-json\/wp\/v2\/product\/356","targetHints":{"allow":["GET"]}}],"collection":[{"href":"https:\/\/shop.artnira.com\/fr\/wp-json\/wp\/v2\/product"}],"about":[{"href":"https:\/\/shop.artnira.com\/fr\/wp-json\/wp\/v2\/types\/product"}],"wp:featuredmedia":[{"embeddable":true,"href":"https:\/\/shop.artnira.com\/fr\/wp-json\/wp\/v2\/media\/358"}],"wp:attachment":[{"href":"https:\/\/shop.artnira.com\/fr\/wp-json\/wp\/v2\/media?parent=356"}],"wp:term":[{"taxonomy":"product_brand","embeddable":true,"href":"https:\/\/shop.artnira.com\/fr\/wp-json\/wp\/v2\/product_brand?post=356"},{"taxonomy":"product_cat","embeddable":true,"href":"https:\/\/shop.artnira.com\/fr\/wp-json\/wp\/v2\/product_cat?post=356"},{"taxonomy":"product_tag","embeddable":true,"href":"https:\/\/shop.artnira.com\/fr\/wp-json\/wp\/v2\/product_tag?post=356"}],"curies":[{"name":"wp","href":"https:\/\/api.w.org\/{rel}","templated":true}]}}