{"id":382,"date":"2025-01-22T17:42:22","date_gmt":"2025-01-22T17:42:22","guid":{"rendered":"https:\/\/shop.artnira.com\/product\/porte-brosse-a-dents-en-forme-de-vase-rangement-elegant-pour-brosses-a-dents-electriques\/"},"modified":"2025-01-22T17:42:22","modified_gmt":"2025-01-22T17:42:22","slug":"porte-brosse-a-dents-en-forme-de-vase-rangement-elegant-pour-brosses-a-dents-electriques","status":"publish","type":"product","link":"https:\/\/shop.artnira.com\/fr\/product\/porte-brosse-a-dents-en-forme-de-vase-rangement-elegant-pour-brosses-a-dents-electriques\/","title":{"rendered":"Porte-brosse \u00e0 dents en forme de vase &#8211; Rangement \u00e9l\u00e9gant pour brosses \u00e0 dents \u00e9lectriques"},"content":{"rendered":"<p>Transformez votre salle de bains en un espace d&rsquo;\u00e9l\u00e9gance et d&rsquo;organisation gr\u00e2ce \u00e0 notre porte-brosse \u00e0 dents unique en forme de vase &#8211; le premier de son genre au monde !<\/p>\n<p>Ce porte-brosse \u00e0 dents allie design pratique et perfection esth\u00e9tique. Sp\u00e9cialement con\u00e7u pour les brosses \u00e0 dents \u00e9lectriques, il offre non seulement un rangement s\u00e9curis\u00e9, mais aussi une solution intelligente pour dissimuler discr\u00e8tement les c\u00e2bles.<\/p>\n<p>Points forts :<br \/>\n\\\\N\u00c9l\u00e9gant design de vase : Une addition \u00e9tonnante \u00e0 n&rsquo;importe quelle salle de bain.<br \/>\n\\N- Gestion intelligente des c\u00e2bles : Cache sans effort les c\u00e2bles et garde votre espace bien rang\u00e9.<br \/>\n\\N- Ajustement parfait : Compatible avec la plupart des brosses \u00e0 dents \u00e9lectriques.<br \/>\n\\NUtilisation polyvalente : Id\u00e9al comme am\u00e9lioration d\u00e9corative de la salle de bain ou comme cadeau attentionn\u00e9.<br \/>\n\\NFabriqu\u00e9 en Allemagne en utilisant le processus d&rsquo;impression 3D.<\/p>\n<p>Apportez style et fonctionnalit\u00e9 \u00e0 votre maison. Commandez maintenant et d\u00e9couvrez une toute nouvelle fa\u00e7on de ranger vos brosses \u00e0 dents \u00e9lectriques !<\/p>\n","protected":false},"excerpt":{"rendered":"<p>Transformez votre salle de bains en un espace d&rsquo;\u00e9l\u00e9gance et d&rsquo;organisation gr\u00e2ce \u00e0 notre porte-brosse \u00e0 dents unique en forme [&hellip;]<\/p>\n","protected":false},"featured_media":383,"template":"","meta":{"site-sidebar-layout":"default","site-content-layout":"","ast-site-content-layout":"default","site-content-style":"default","site-sidebar-style":"default","ast-global-header-display":"","ast-banner-title-visibility":"","ast-main-header-display":"","ast-hfb-above-header-display":"","ast-hfb-below-header-display":"","ast-hfb-mobile-header-display":"","site-post-title":"","ast-breadcrumbs-content":"","ast-featured-img":"","footer-sml-layout":"","theme-transparent-header-meta":"default","adv-header-id-meta":"","stick-header-meta":"","header-above-stick-meta":"","header-main-stick-meta":"","header-below-stick-meta":"","astra-migrate-meta-layouts":"default","ast-page-background-enabled":"default","ast-page-background-meta":{"desktop":{"background-color":"var(--ast-global-color-5)","background-image":"","background-repeat":"repeat","background-position":"center center","background-size":"auto","background-attachment":"scroll","background-type":"","background-media":"","overlay-type":"","overlay-color":"","overlay-opacity":"","overlay-gradient":""},"tablet":{"background-color":"","background-image":"","background-repeat":"repeat","background-position":"center center","background-size":"auto","background-attachment":"scroll","background-type":"","background-media":"","overlay-type":"","overlay-color":"","overlay-opacity":"","overlay-gradient":""},"mobile":{"background-color":"","background-image":"","background-repeat":"repeat","background-position":"center center","background-size":"auto","background-attachment":"scroll","background-type":"","background-media":"","overlay-type":"","overlay-color":"","overlay-opacity":"","overlay-gradient":""}},"ast-content-background-meta":{"desktop":{"background-color":"var(--ast-global-color-4)","background-image":"","background-repeat":"repeat","background-position":"center center","background-size":"auto","background-attachment":"scroll","background-type":"","background-media":"","overlay-type":"","overlay-color":"","overlay-opacity":"","overlay-gradient":""},"tablet":{"background-color":"var(--ast-global-color-4)","background-image":"","background-repeat":"repeat","background-position":"center center","background-size":"auto","background-attachment":"scroll","background-type":"","background-media":"","overlay-type":"","overlay-color":"","overlay-opacity":"","overlay-gradient":""},"mobile":{"background-color":"var(--ast-global-color-4)","background-image":"","background-repeat":"repeat","background-position":"center center","background-size":"auto","background-attachment":"scroll","background-type":"","background-media":"","overlay-type":"","overlay-color":"","overlay-opacity":"","overlay-gradient":""}}},"product_brand":[],"product_cat":[149],"product_tag":[167,161,168,157,164,170,153,154,171,152],"class_list":{"0":"post-382","1":"product","2":"type-product","3":"status-publish","4":"has-post-thumbnail","6":"product_cat-organisateur-de-salle-de-bains","7":"product_tag-brosse-a-dents-avec-station-de-recharge","8":"product_tag-cable-cache","9":"product_tag-cacher-le-cable-de-chargement","10":"product_tag-famille-de-stations-de-recharge-oral-b","11":"product_tag-montage-mural-et-sortie-de-cable","12":"product_tag-organisateur-de-cables","13":"product_tag-organisateur-de-salle-de-bains","14":"product_tag-porte-brosse-a-dents-electrique","15":"product_tag-porte-brosse-a-dents-unique","16":"product_tag-stockage-des-cables","17":"desktop-align-left","18":"tablet-align-left","19":"mobile-align-left","20":"ast-product-gallery-layout-horizontal-slider","21":"ast-product-single-variable","22":"ast-product-tabs-layout-horizontal","24":"first","25":"instock","26":"taxable","27":"shipping-taxable","28":"purchasable","29":"product-type-variable"},"jetpack_sharing_enabled":true,"_links":{"self":[{"href":"https:\/\/shop.artnira.com\/fr\/wp-json\/wp\/v2\/product\/382","targetHints":{"allow":["GET"]}}],"collection":[{"href":"https:\/\/shop.artnira.com\/fr\/wp-json\/wp\/v2\/product"}],"about":[{"href":"https:\/\/shop.artnira.com\/fr\/wp-json\/wp\/v2\/types\/product"}],"wp:featuredmedia":[{"embeddable":true,"href":"https:\/\/shop.artnira.com\/fr\/wp-json\/wp\/v2\/media\/383"}],"wp:attachment":[{"href":"https:\/\/shop.artnira.com\/fr\/wp-json\/wp\/v2\/media?parent=382"}],"wp:term":[{"taxonomy":"product_brand","embeddable":true,"href":"https:\/\/shop.artnira.com\/fr\/wp-json\/wp\/v2\/product_brand?post=382"},{"taxonomy":"product_cat","embeddable":true,"href":"https:\/\/shop.artnira.com\/fr\/wp-json\/wp\/v2\/product_cat?post=382"},{"taxonomy":"product_tag","embeddable":true,"href":"https:\/\/shop.artnira.com\/fr\/wp-json\/wp\/v2\/product_tag?post=382"}],"curies":[{"name":"wp","href":"https:\/\/api.w.org\/{rel}","templated":true}]}}